{"id":76,"date":"2017-11-16T22:03:15","date_gmt":"2017-11-16T22:03:15","guid":{"rendered":"http:\/\/pp74.jurszewicz.eu.org\/?page_id=76"},"modified":"2019-03-01T11:55:05","modified_gmt":"2019-03-01T11:55:05","slug":"hymn-przedszkola","status":"publish","type":"page","link":"https:\/\/przedszkole74.szczecin.pl\/?page_id=76","title":{"rendered":"Hymn przedszkola"},"content":{"rendered":"<p>[et_pb_section bb_built=&#8221;1&#8243; fullwidth=&#8221;on&#8221; specialty=&#8221;off&#8221; next_background_color=&#8221;#000000&#8243;][et_pb_fullwidth_image src=&#8221;\/wp-content\/uploads\/2018\/11\/logo1920x300.jpg&#8221; use_border_color=&#8221;off&#8221; animation_style=&#8221;slide&#8221; animation_duration=&#8221;500ms&#8221; animation_intensity_slide=&#8221;10%&#8221; animation_direction=&#8221;left&#8221; _builder_version=&#8221;3.6&#8243;]<\/p>\n<p>&nbsp;<\/p>\n<p>[\/et_pb_fullwidth_image][\/et_pb_section][et_pb_section bb_built=&#8221;1&#8243; admin_label=&#8221;section&#8221; prev_background_color=&#8221;#000000&#8243;][et_pb_row admin_label=&#8221;row&#8221; background_position=&#8221;top_left&#8221; background_repeat=&#8221;repeat&#8221; background_size=&#8221;initial&#8221;][et_pb_column type=&#8221;4_4&#8243;][et_pb_text background_layout=&#8221;light&#8221; text_orientation=&#8221;left&#8221; use_border_color=&#8221;off&#8221; border_color=&#8221;#ffffff&#8221; border_style=&#8221;solid&#8221; background_position=&#8221;top_left&#8221; background_repeat=&#8221;repeat&#8221; background_size=&#8221;initial&#8221;]<\/p>\n<h3 style=\"text-align: center;\">\u201ePRZEDSZKOLE MA\u0141YCH PRZYJACI\u00d3\u0141\u201d<\/h3>\n<p style=\"text-align: center;\">Witaj w Przedszkolu Ma\u0142ych Przyjaci\u00f3\u0142<br \/>\nTu dla ka\u017cdego otwarte drzwi<br \/>\nWejd\u017a, zosta\u0144 z nami , po\u015br\u00f3d koleg\u00f3w<br \/>\nZnajdziemy rado\u015b\u0107 i my i Ty<\/p>\n<p style=\"text-align: center;\">W naszym Przedszkolu bajki mieszkaj\u0105<br \/>\nWr\u00f3\u017cki i czary maj\u0105 tu dom<br \/>\nKotki i ptaszki nas odwiedzaj\u0105<br \/>\nTu przyjaciele przyrody s\u0105<\/p>\n<p style=\"text-align: center;\">Drzwi s\u0105 otwarte dla wszystkich dzieci<br \/>\nI nie jest wa\u017cne sk\u0105d one s\u0105<br \/>\nTo jest Przedszkole Ma\u0142ych Przyjaci\u00f3\u0142<br \/>\nDla Dzieci \u015awiata Otwarty Dom!<\/p>\n<address>\u00a0<\/address>\n<hr \/>\n<p>Hymn przedszkola \u2013 do s\u0142\u00f3w Pana Zenona Orzechowskiego<\/p>\n<p>[\/et_pb_text][\/et_pb_column][\/et_pb_row][\/et_pb_section]<\/p>\n","protected":false},"excerpt":{"rendered":"<p>&nbsp; \u201ePRZEDSZKOLE MA\u0141YCH PRZYJACI\u00d3\u0141\u201d Witaj w Przedszkolu Ma\u0142ych Przyjaci\u00f3\u0142 Tu dla ka\u017cdego otwarte drzwi Wejd\u017a, zosta\u0144 z nami , po\u015br\u00f3d koleg\u00f3w Znajdziemy rado\u015b\u0107 i my i Ty W naszym Przedszkolu bajki mieszkaj\u0105 Wr\u00f3\u017cki i czary maj\u0105 tu dom Kotki i ptaszki nas odwiedzaj\u0105 Tu przyjaciele przyrody s\u0105 Drzwi s\u0105 otwarte dla wszystkich dzieci I nie [&hellip;]<\/p>\n","protected":false},"author":1,"featured_media":0,"parent":62,"menu_order":0,"comment_status":"closed","ping_status":"closed","template":"","meta":{"_et_pb_use_builder":"on","_et_pb_old_content":"","_et_gb_content_width":""},"_links":{"self":[{"href":"https:\/\/przedszkole74.szczecin.pl\/index.php?rest_route=\/wp\/v2\/pages\/76"}],"collection":[{"href":"https:\/\/przedszkole74.szczecin.pl\/index.php?rest_route=\/wp\/v2\/pages"}],"about":[{"href":"https:\/\/przedszkole74.szczecin.pl\/index.php?rest_route=\/wp\/v2\/types\/page"}],"author":[{"embeddable":true,"href":"https:\/\/przedszkole74.szczecin.pl\/index.php?rest_route=\/wp\/v2\/users\/1"}],"replies":[{"embeddable":true,"href":"https:\/\/przedszkole74.szczecin.pl\/index.php?rest_route=%2Fwp%2Fv2%2Fcomments&post=76"}],"version-history":[{"count":5,"href":"https:\/\/przedszkole74.szczecin.pl\/index.php?rest_route=\/wp\/v2\/pages\/76\/revisions"}],"predecessor-version":[{"id":1071,"href":"https:\/\/przedszkole74.szczecin.pl\/index.php?rest_route=\/wp\/v2\/pages\/76\/revisions\/1071"}],"up":[{"embeddable":true,"href":"https:\/\/przedszkole74.szczecin.pl\/index.php?rest_route=\/wp\/v2\/pages\/62"}],"wp:attachment":[{"href":"https:\/\/przedszkole74.szczecin.pl\/index.php?rest_route=%2Fwp%2Fv2%2Fmedia&parent=76"}],"curies":[{"name":"wp","href":"https:\/\/api.w.org\/{rel}","templated":true}]}}