{"id":74,"date":"2017-11-16T22:02:53","date_gmt":"2017-11-16T22:02:53","guid":{"rendered":"http:\/\/pp74.jurszewicz.eu.org\/?page_id=74"},"modified":"2023-01-23T17:24:36","modified_gmt":"2023-01-23T17:24:36","slug":"rozklad-dnia","status":"publish","type":"page","link":"https:\/\/przedszkole74.szczecin.pl\/?page_id=74","title":{"rendered":"Rozk\u0142ad dnia"},"content":{"rendered":"<p>[et_pb_section fb_built=&#8221;1&#8243; fullwidth=&#8221;on&#8221; _builder_version=&#8221;3.22&#8243; global_colors_info=&#8221;{}&#8221;][et_pb_fullwidth_image src=&#8221;\/wp-content\/uploads\/2018\/11\/logo1920x300.jpg&#8221; _builder_version=&#8221;3.6&#8243; animation_style=&#8221;slide&#8221; animation_direction=&#8221;left&#8221; animation_duration=&#8221;500ms&#8221; animation_intensity_slide=&#8221;10%&#8221; use_border_color=&#8221;off&#8221; global_colors_info=&#8221;{}&#8221;]&nbsp;<br \/>\n[\/et_pb_fullwidth_image][\/et_pb_section][et_pb_section fb_built=&#8221;1&#8243; admin_label=&#8221;section&#8221; _builder_version=&#8221;3.22&#8243; global_colors_info=&#8221;{}&#8221;][et_pb_row admin_label=&#8221;row&#8221; _builder_version=&#8221;3.25&#8243; background_size=&#8221;initial&#8221; background_position=&#8221;top_left&#8221; background_repeat=&#8221;repeat&#8221; global_colors_info=&#8221;{}&#8221;][et_pb_column type=&#8221;4_4&#8243; _builder_version=&#8221;3.25&#8243; custom_padding=&#8221;|||&#8221; global_colors_info=&#8221;{}&#8221; custom_padding__hover=&#8221;|||&#8221;][et_pb_text _builder_version=&#8221;3.27.4&#8243; background_size=&#8221;initial&#8221; background_position=&#8221;top_left&#8221; background_repeat=&#8221;repeat&#8221; use_border_color=&#8221;off&#8221; global_colors_info=&#8221;{}&#8221;]<\/p>\n<div class=\"rt-headline\">\n<h1 class=\"rt-article-title\">Ramowy rozk\u0142ad dnia<\/h1>\n<\/div>\n<div class=\"clear\"><\/div>\n<p><strong>od godziny 6.00 do godziny 8.45<\/strong><\/p>\n<ul>\n<li>schodzenie si\u0119 dzieci do przedszkola<\/li>\n<li>czynno\u015bci opieku\u0144cze, porz\u0105dkowe i organizacyjne<\/li>\n<li>zabawy swobodne<\/li>\n<li>indywidualna praca z dzie\u0107mi<\/li>\n<li>wspieranie rozwoju dziecka poprzez r\u00f3\u017cnorodne zabawy i \u0107wiczenia prowadzone pod kierunkiem nauczyciela, w tym obowi\u0105zkowe zabawy ruchowe lub \u0107wiczenia poranne<\/li>\n<li>przygotowanie do \u015bniadania<\/li>\n<li>zabiegi higieniczne, czynno\u015bci samoobs\u0142ugowe<\/li>\n<li>wdra\u017canie do kulturalnego zachowania.<\/li>\n<\/ul>\n<p>&nbsp;<\/p>\n<hr \/>\n<p><strong>od godziny 8.45 do godziny 9.30<\/strong><\/p>\n<ul>\n<li>przygotowanie do \u015bniadania i \u015bniadanie<\/li>\n<li>zwracanie uwagi na kulturalne i estetyczne spo\u017cywanie posi\u0142ku<\/li>\n<li>zachowanie porz\u0105dku wok\u00f3\u0142 siebie, prawid\u0142owej postawy<\/li>\n<li>wdra\u017canie do czynno\u015bci higienicznych i porz\u0105dkowych po zako\u0144czeniu \u015bniadania<\/li>\n<\/ul>\n<p>&nbsp;<\/p>\n<hr \/>\n<p><strong>9.30 do godziny 11.20<\/strong><\/p>\n<ul>\n<li>wspieranie rozwoju dziecka poprzez prowadzenie dydaktycznych zaj\u0119\u0107 programowych<\/li>\n<li>organizowanie zaj\u0119\u0107 na \u015bwie\u017cym powietrzu, w szczeg\u00f3lno\u015bci zaj\u0119\u0107 ruchowych, sportowych, przyrodniczych, prowadzenie obserwacji, wycieczki, spacery<\/li>\n<li>zabawy swobodne, spontaniczne<\/li>\n<li>w przerwie drugie \u015bniadanie \u2013 czynno\u015bci samoobs\u0142ugowe, wdra\u017canie zasad kulturalnego zachowania si\u0119<\/li>\n<li>zabawy rytmiczne, umuzykalnianie<\/li>\n<\/ul>\n<p>&nbsp;<\/p>\n<hr \/>\n<p><strong>od godziny 11.20 do godziny 11.30<\/strong><\/p>\n<ul>\n<li>przygotowanie do obiadu<\/li>\n<li>zabiegi higieniczne<\/li>\n<li>czynno\u015bci samoobs\u0142ugowe<\/li>\n<li>wdra\u017canie do zasad higieny i kulturalnego zachowania si\u0119<\/li>\n<\/ul>\n<p>&nbsp;<\/p>\n<hr \/>\n<p><strong>od godziny 11.30 do godziny 12.00<\/strong><\/p>\n<ul>\n<li>obiad<\/li>\n<li>zwracanie uwagi na kulturalne spo\u017cywanie posi\u0142ku, zachowanie prawid\u0142owej postawy cia\u0142a<\/li>\n<li>rozwijanie umiej\u0119tno\u015bci pos\u0142ugiwania si\u0119 sztu\u0107cami<\/li>\n<li>wdra\u017canie do czynno\u015bci higienicznych i porz\u0105dkowych po zako\u0144czeniu obiadu<\/li>\n<\/ul>\n<p>&nbsp;<\/p>\n<hr \/>\n<p><strong>od godziny 12.00 do godziny 13.20<\/strong><\/p>\n<ul>\n<li>w najm\u0142odszej grupie wiekowej przygotowanie do le\u017cakowania, odpoczynek, wdra\u017canie do samodzielnego ubierania i rozbierania si\u0119<\/li>\n<li>w starszych grupach wiekowych \u2013 do 12. 30 odpoczynek, relaks, wyciszenie (zabawy relaksacyjne) nast\u0119pnie dalsze realizowanie sytuacji edukacyjnych wynikaj\u0105cych z podstawy programowej<\/li>\n<\/ul>\n<p>&nbsp;<\/p>\n<hr \/>\n<p><strong>od godziny 13.20 do godziny 13.30<\/strong><\/p>\n<ul>\n<li>przygotowanie do podwieczorku<\/li>\n<li>zabiegi higieniczne<\/li>\n<li>czynno\u015bci samoobs\u0142ugowe<\/li>\n<li>wdra\u017canie zasad higieny i kulturalnego zachowania si\u0119<\/li>\n<\/ul>\n<p>&nbsp;<\/p>\n<hr \/>\n<p><strong>od godziny 13.30 do godziny 14.00<\/strong><\/p>\n<ul>\n<li>podwieczorek<\/li>\n<li>zwracanie uwagi na kulturalne spo\u017cywanie posi\u0142ku<\/li>\n<li>zachowanie prawid\u0142owej postawy cia\u0142a<\/li>\n<li>wdra\u017canie do czynno\u015bci higienicznych, samoobs\u0142ugowych i porz\u0105dkowych po zako\u0144czeniu posi\u0142ku<\/li>\n<\/ul>\n<p>&nbsp;<\/p>\n<hr \/>\n<p><strong>od godziny 14.00 do godziny 17.00<\/strong><\/p>\n<ol>\n<li>realizowanie zada\u0144 opieku\u0144czo \u2013 wychowawczych w zakresie:\n<ul>\n<li>fachowej opieki pedagogicznej z elementami integracji<\/li>\n<li>adaptacji dzieci w \u015brodowisku przedszkolnym<\/li>\n<li>wspieranie zdolno\u015bci tw\u00f3rczych dzieci<\/li>\n<li>zaj\u0119cia rozwijaj\u0105ce uzdolnienia plastyczne, muzyczne, taneczne i teatralne<\/li>\n<li>wspieranie indywidualnych zainteresowa\u0144<\/li>\n<li>przygotowanie dzieci do udzia\u0142u w konkursach<\/li>\n<\/ul>\n<\/li>\n<li>organizacja zaj\u0119\u0107 sportowych i imprez okoliczno\u015bciowych z udzia\u0142em rodzic\u00f3w i przedstawicieli \u015brodowiska lokalnego<\/li>\n<li>relizacja autorskich program\u00f3w w\u0142asnych przedszkoli oraz innowacji pedagogicznych<\/li>\n<li>zapewnienie bezpiecze\u0144stwa i opieki podczas pobytu dzieci w przedszkolu w czasie : a) zaj\u0119\u0107 terapeutycznych i profilaktycznych z udzia\u0142em specjalist\u00f3w<\/li>\n<li>prowadzenie zaj\u0119\u0107 rekreacyjno &#8211; wyciszaj\u0105cych<\/li>\n<\/ol>\n<p>&nbsp;<\/p>\n<div class=\"alert\">\n<div class=\"typo-icon\"><strong><span style=\"color: red;\">O GODZINIE 17.00 ZAMYKAMY PRZEDSZKOLE <\/span><\/strong><\/div>\n<\/div>\n<p>[\/et_pb_text][\/et_pb_column][\/et_pb_row][\/et_pb_section]<\/p>\n","protected":false},"excerpt":{"rendered":"<p>&nbsp; Ramowy rozk\u0142ad dnia od godziny 6.00 do godziny 8.45 schodzenie si\u0119 dzieci do przedszkola czynno\u015bci opieku\u0144cze, porz\u0105dkowe i organizacyjne zabawy swobodne indywidualna praca z dzie\u0107mi wspieranie rozwoju dziecka poprzez r\u00f3\u017cnorodne zabawy i \u0107wiczenia prowadzone pod kierunkiem nauczyciela, w tym obowi\u0105zkowe zabawy ruchowe lub \u0107wiczenia poranne przygotowanie do \u015bniadania zabiegi higieniczne, czynno\u015bci samoobs\u0142ugowe wdra\u017canie do [&hellip;]<\/p>\n","protected":false},"author":1,"featured_media":0,"parent":62,"menu_order":0,"comment_status":"closed","ping_status":"closed","template":"","meta":{"_et_pb_use_builder":"on","_et_pb_old_content":"","_et_gb_content_width":""},"_links":{"self":[{"href":"https:\/\/przedszkole74.szczecin.pl\/index.php?rest_route=\/wp\/v2\/pages\/74"}],"collection":[{"href":"https:\/\/przedszkole74.szczecin.pl\/index.php?rest_route=\/wp\/v2\/pages"}],"about":[{"href":"https:\/\/przedszkole74.szczecin.pl\/index.php?rest_route=\/wp\/v2\/types\/page"}],"author":[{"embeddable":true,"href":"https:\/\/przedszkole74.szczecin.pl\/index.php?rest_route=\/wp\/v2\/users\/1"}],"replies":[{"embeddable":true,"href":"https:\/\/przedszkole74.szczecin.pl\/index.php?rest_route=%2Fwp%2Fv2%2Fcomments&post=74"}],"version-history":[{"count":7,"href":"https:\/\/przedszkole74.szczecin.pl\/index.php?rest_route=\/wp\/v2\/pages\/74\/revisions"}],"predecessor-version":[{"id":1778,"href":"https:\/\/przedszkole74.szczecin.pl\/index.php?rest_route=\/wp\/v2\/pages\/74\/revisions\/1778"}],"up":[{"embeddable":true,"href":"https:\/\/przedszkole74.szczecin.pl\/index.php?rest_route=\/wp\/v2\/pages\/62"}],"wp:attachment":[{"href":"https:\/\/przedszkole74.szczecin.pl\/index.php?rest_route=%2Fwp%2Fv2%2Fmedia&parent=74"}],"curies":[{"name":"wp","href":"https:\/\/api.w.org\/{rel}","templated":true}]}}