{"id":62,"date":"2017-11-16T22:00:39","date_gmt":"2017-11-16T22:00:39","guid":{"rendered":"http:\/\/pp74.jurszewicz.eu.org\/?page_id=62"},"modified":"2019-03-01T11:54:34","modified_gmt":"2019-03-01T11:54:34","slug":"o-przedszkolu","status":"publish","type":"page","link":"https:\/\/przedszkole74.szczecin.pl\/?page_id=62","title":{"rendered":"O przedszkolu"},"content":{"rendered":"<p>[et_pb_section bb_built=&#8221;1&#8243; fullwidth=&#8221;on&#8221; specialty=&#8221;off&#8221; next_background_color=&#8221;#000000&#8243;][et_pb_fullwidth_image src=&#8221;\/wp-content\/uploads\/2018\/11\/logo1920x300.jpg&#8221; use_border_color=&#8221;off&#8221; animation_style=&#8221;slide&#8221; animation_duration=&#8221;500ms&#8221; animation_intensity_slide=&#8221;10%&#8221; animation_direction=&#8221;left&#8221; _builder_version=&#8221;3.6&#8243;]<\/p>\n<p>&nbsp;<\/p>\n<p>[\/et_pb_fullwidth_image][\/et_pb_section][et_pb_section bb_built=&#8221;1&#8243; admin_label=&#8221;section&#8221; prev_background_color=&#8221;#000000&#8243;][et_pb_row admin_label=&#8221;row&#8221; background_position=&#8221;top_left&#8221; background_repeat=&#8221;repeat&#8221; background_size=&#8221;initial&#8221;][et_pb_column type=&#8221;4_4&#8243;][et_pb_text background_layout=&#8221;light&#8221; text_orientation=&#8221;left&#8221; use_border_color=&#8221;off&#8221; border_color=&#8221;#ffffff&#8221; border_style=&#8221;solid&#8221; background_position=&#8221;top_left&#8221; background_repeat=&#8221;repeat&#8221; background_size=&#8221;initial&#8221;]<\/p>\n<div class=\"rt-headline\">\n<h1 class=\"rt-article-title\"><a href=\"http:\/\/www.przedszkole74.szczecin.pl\/index.php?option=com_content&amp;view=article&amp;id=106:informacje-ogolne&amp;catid=44:przedszkole&amp;Itemid=61\">Informacje og\u00f3lne<\/a><\/h1>\n<\/div>\n<div class=\"clear\"><\/div>\n<h3>DLACZEGO WARTO WYBRA\u0106 NASZE PRZEDSZKOLE?<\/h3>\n<hr \/>\n<p><strong>1. Poniewa\u017c zapewniamy dzieciom:<\/strong><\/p>\n<ul>\n<li>troskliw\u0105 i fachow\u0105 opiek\u0119 pedagogiczn\u0105<\/li>\n<li>zdobycie wiedzy i umiej\u0119tno\u015bci, kt\u00f3re pozwol\u0105 z \u0142atwo\u015bci\u0105 przekroczy\u0107 pr\u00f3g szko\u0142y<\/li>\n<li>dobr\u0105 zabaw\u0119.<\/li>\n<\/ul>\n<hr \/>\n<p><strong>2. Poniewa\u017c naszym dzia\u0142aniom przy\u015bwiecaj\u0105 trzy g\u0142\u00f3wne priorytety pedagogiczne:<\/strong><\/p>\n<ul>\n<li>dziecko poznaje otaczaj\u0105cy \u015bwiat zgodnie ze swoimi potrzebami, zainteresowaniami i mo\u017cliwo\u015bciami w kontakcie ze \u015bwiatem i tw\u00f3rczo\u015bci\u0105 drugiego cz\u0142owieka.<\/li>\n<li>dziecko potrafi \u015bwiadomie dokonywa\u0107 wybor\u00f3w w \u017cyciu codziennym, ma w\u0142a\u015bciw\u0105 samoocen\u0119, umie odr\u00f3\u017cni\u0107 dobro od z\u0142a oraz potrafi zgodnie wsp\u00f3\u0142\u017cy\u0107 z bli\u017cszym i dalszym otoczeniem.<\/li>\n<li>dziecko zdobywa wiedz\u0119 i umiej\u0119tno\u015bci, pozwalaj\u0105ce mu w przysz\u0142o\u015bci z powodzeniem podj\u0105\u0107 nauk\u0119 w szkole.<\/li>\n<\/ul>\n<hr \/>\n<p><strong>3. Poniewa\u017c proponujemy dzieciom i rodzicom udzia\u0142 w programie adaptacyjnym, kt\u00f3rego celem jest:<\/strong><\/p>\n<ul>\n<li>u\u0142atwienie dziecku wej\u015bcia do nowej grupy spo\u0142ecznej<\/li>\n<li>zmniejszenie l\u0119ku przed rozstaniem z rodzicami<\/li>\n<li>wspieranie rodzic\u00f3w w dzia\u0142aniach zapobiegaj\u0105cych trudno\u015bciom w procesie adaptacyjnym ich dzieci.Formy i sposoby realizacji programu: dni otwarte, spotkania dzieci, rodzic\u00f3w i nauczycielek; prezentacja literatury fachowej; tablice informacyjne; foldery.<\/li>\n<\/ul>\n<h3><\/h3>\n<h3>CO WYR\u00d3\u017bNIA NASZE PRZEDSZKOLE?<\/h3>\n<hr \/>\n<p><strong> 1. Program zdrowia emocjonalnego ma\u0142ego dziecka &#8222;Przyjaciele Zippiego&#8221;.<\/strong><\/p>\n<p>Program doskonali u ma\u0142ych dzieci zdolno\u015b\u0107 dawania sobie rady z trudno\u015bciami dnia codziennego.<\/p>\n<p>Uczy ma\u0142e dzieci:<\/p>\n<ul>\n<li>jak rozpoznawa\u0107 w\u0142asne uczucia i jak o nich rozmawia\u0107<\/li>\n<li>jak m\u00f3wi\u0107 to co chce si\u0119 powiedzie\u0107<\/li>\n<li>jak s\u0142ucha\u0107 uwa\u017cnie<\/li>\n<li>jak prosi\u0107 o pomoc<\/li>\n<li>jak nawi\u0105zywa\u0107 i utrzymywa\u0107 przyja\u017anie<\/li>\n<li>jak m\u00f3wi\u0107 przeprasza\u0107<\/li>\n<li>jak radzi\u0107 sobie z dokuczaniem<\/li>\n<li>jak rak rozwi\u0105zywa\u0107 konflikty<\/li>\n<li>jak radzi\u0107 sobie ze zmian\u0105 i strat\u0105<\/li>\n<li>jak adaptowa\u0107 si\u0119 do nowej sytuacji<\/li>\n<li>-jak pomaga\u0107 innym<\/li>\n<\/ul>\n<hr \/>\n<p><strong> 2. Program Kinezjologii Edukacyjnej &#8211; P.Dennisona <\/strong><\/p>\n<p>Program ten wspomaga rozw\u00f3j fizyczny,emocjonalny,spo\u0142eczny i poznawczy ma\u0142ego dziecka poprzez ruch:<\/p>\n<ul>\n<li>aktywizuje i integruje praw\u0105 i lew\u0105 stron\u0119 cia\u0142a<\/li>\n<li>aktywizuje pami\u0119\u0107 i integruje percepcj\u0119 wzrokowo-s\u0142uchow\u0105<\/li>\n<li>doskonali du\u017c\u0105 i precyzyjn\u0105 motoryk\u0119, zdolno\u015bci manualne<\/li>\n<li>doskonali umiej\u0119tno\u015b\u0107 szybkiego czytania i swobodnego my\u015blenia<\/li>\n<li>aktywizuje prac\u0119 cia\u0142a i m\u00f3zgu dla u\u0142atwienia nauki i rado\u015bci poznawania<\/li>\n<\/ul>\n<hr \/>\n<p><strong>3. Program &#8221; Ca\u0142a Polska Czyta Dzieciom&#8221; <\/strong><\/p>\n<p>W ramach tego programu promujemy i realizujemy:<\/p>\n<ul>\n<li>codzienne czytanie dzieciom bajek i ba\u015bni<\/li>\n<li>udost\u0119pniamy dzieciom i rodzicom ksi\u0105\u017cki z biblioteki przedszkolnej &#8221; Sowy M\u0105drej G\u0142owy&#8221;<\/li>\n<li>regularnie zapraszamy rodzic\u00f3w, dziadk\u00f3w oraz innych doros\u0142ych aby czytali dzieciom<\/li>\n<li>w czytaniu towarzyszy dzieciom wiele innych form inspirowanych literatur\u0105 dzieci\u0119c\u0105<\/li>\n<\/ul>\n<hr \/>\n<p>4. Akceptowane przez ca\u0142\u0105 spo\u0142eczno\u015b\u0107 przedszkoln\u0105 tradycje i zwyczaje wpisane w program rozwoju plac\u00f3wki;<\/p>\n<ul>\n<li>pasowanie na przedszkolaka<\/li>\n<li>kiermasz wielkanocny<\/li>\n<li>\u015bwi\u0119to p\u0105czka<\/li>\n<li>rodzinne \u015bwi\u0119ta<\/li>\n<li>festyny<\/li>\n<\/ul>\n<hr \/>\n<p>5. Nasze przedszkolaki cz\u0119sto bior\u0105 udzia\u0142 w przer\u00f3\u017cnych konkursach, wyst\u0119pach i prezentacjach. Wiedza i umiej\u0119tno\u015bci, kt\u00f3re z powodzeniem podczas tych imprez wykorzystuj\u0105, s\u0105 wysoko oceniane zar\u00f3wno przez organizator\u00f3w jak i przez innych uczestnik\u00f3w.<\/p>\n<hr \/>\n<p>6. Mo\u017cliwo\u015b\u0107 uczestniczenia w codziennej nauce j\u0119zyka angielskiego w dobrze wyposa\u017conym gabinecie, pod okiem przygotowanej pedagogicznie i j\u0119zykowo nauczycielki.<\/p>\n<hr \/>\n<p>7. W przedszkolu dzieci obj\u0119te s\u0105 opiek\u0105 logopedyczn\u0105, systematycznie prowadzone s\u0105 zaj\u0119cia logopedyczne we wszystkich grupach wiekowych.<\/p>\n<p>[\/et_pb_text][\/et_pb_column][\/et_pb_row][\/et_pb_section]<\/p>\n","protected":false},"excerpt":{"rendered":"<p>&nbsp; Informacje og\u00f3lne DLACZEGO WARTO WYBRA\u0106 NASZE PRZEDSZKOLE? 1. Poniewa\u017c zapewniamy dzieciom: troskliw\u0105 i fachow\u0105 opiek\u0119 pedagogiczn\u0105 zdobycie wiedzy i umiej\u0119tno\u015bci, kt\u00f3re pozwol\u0105 z \u0142atwo\u015bci\u0105 przekroczy\u0107 pr\u00f3g szko\u0142y dobr\u0105 zabaw\u0119. 2. Poniewa\u017c naszym dzia\u0142aniom przy\u015bwiecaj\u0105 trzy g\u0142\u00f3wne priorytety pedagogiczne: dziecko poznaje otaczaj\u0105cy \u015bwiat zgodnie ze swoimi potrzebami, zainteresowaniami i mo\u017cliwo\u015bciami w kontakcie ze \u015bwiatem i [&hellip;]<\/p>\n","protected":false},"author":1,"featured_media":0,"parent":0,"menu_order":0,"comment_status":"closed","ping_status":"closed","template":"","meta":{"_et_pb_use_builder":"on","_et_pb_old_content":"","_et_gb_content_width":""},"_links":{"self":[{"href":"https:\/\/przedszkole74.szczecin.pl\/index.php?rest_route=\/wp\/v2\/pages\/62"}],"collection":[{"href":"https:\/\/przedszkole74.szczecin.pl\/index.php?rest_route=\/wp\/v2\/pages"}],"about":[{"href":"https:\/\/przedszkole74.szczecin.pl\/index.php?rest_route=\/wp\/v2\/types\/page"}],"author":[{"embeddable":true,"href":"https:\/\/przedszkole74.szczecin.pl\/index.php?rest_route=\/wp\/v2\/users\/1"}],"replies":[{"embeddable":true,"href":"https:\/\/przedszkole74.szczecin.pl\/index.php?rest_route=%2Fwp%2Fv2%2Fcomments&post=62"}],"version-history":[{"count":7,"href":"https:\/\/przedszkole74.szczecin.pl\/index.php?rest_route=\/wp\/v2\/pages\/62\/revisions"}],"predecessor-version":[{"id":1342,"href":"https:\/\/przedszkole74.szczecin.pl\/index.php?rest_route=\/wp\/v2\/pages\/62\/revisions\/1342"}],"wp:attachment":[{"href":"https:\/\/przedszkole74.szczecin.pl\/index.php?rest_route=%2Fwp%2Fv2%2Fmedia&parent=62"}],"curies":[{"name":"wp","href":"https:\/\/api.w.org\/{rel}","templated":true}]}}