{"id":1480,"date":"2021-03-30T09:01:52","date_gmt":"2021-03-30T09:01:52","guid":{"rendered":"https:\/\/przedszkole74.szczecin.pl\/?page_id=1480"},"modified":"2026-03-28T07:57:03","modified_gmt":"2026-03-28T07:57:03","slug":"deklaracja-dostepnosci","status":"publish","type":"page","link":"https:\/\/przedszkole74.szczecin.pl\/?page_id=1480","title":{"rendered":"Deklaracja dost\u0119pno\u015bci"},"content":{"rendered":"<p>[et_pb_section fb_built=&#8221;1&#8243; fullwidth=&#8221;on&#8221; _builder_version=&#8221;3.22&#8243; global_colors_info=&#8221;{}&#8221;][et_pb_fullwidth_image src=&#8221;\/wp-content\/uploads\/2018\/11\/logo1920x300.jpg&#8221; _builder_version=&#8221;3.6&#8243; animation_style=&#8221;slide&#8221; animation_direction=&#8221;left&#8221; animation_duration=&#8221;500ms&#8221; animation_intensity_slide=&#8221;10%&#8221; use_border_color=&#8221;off&#8221; global_colors_info=&#8221;{}&#8221;]&nbsp;<br \/>\n[\/et_pb_fullwidth_image][\/et_pb_section][et_pb_section fb_built=&#8221;1&#8243; admin_label=&#8221;section&#8221; _builder_version=&#8221;3.22&#8243; global_colors_info=&#8221;{}&#8221;][et_pb_row _builder_version=&#8221;4.9.2&#8243; _module_preset=&#8221;default&#8221; global_colors_info=&#8221;{}&#8221;][et_pb_column type=&#8221;4_4&#8243; _builder_version=&#8221;4.9.2&#8243; _module_preset=&#8221;default&#8221; global_colors_info=&#8221;{}&#8221;][et_pb_post_title meta=&#8221;off&#8221; _builder_version=&#8221;4.9.2&#8243; _module_preset=&#8221;default&#8221; global_colors_info=&#8221;{}&#8221;][\/et_pb_post_title][et_pb_text admin_label=&#8221;Tekst&#8221; _builder_version=&#8221;4.9.2&#8243; _module_preset=&#8221;default&#8221; global_colors_info=&#8221;{}&#8221; custom_padding=&#8221;|||0px||&#8221;]<\/p>\n<p>&nbsp;<\/p>\n<p>&nbsp;<\/p>\n<p><span id=\"a11y-podmiot\" style=\"font-size: 14px;\">Przedszkole Publiczne<\/span><span style=\"font-size: 14px;\">\u00a0<\/span><span style=\"font-size: 14px;\">zobowi\u0105zuje si\u0119 zapewni\u0107 dost\u0119pno\u015b\u0107 swojej<\/span><span style=\"font-size: 14px;\">\u00a0<\/span><span id=\"a11y-zakres\" style=\"font-size: 14px;\">strony internetowej<\/span><span style=\"font-size: 14px;\">\u00a0<\/span><span style=\"font-size: 14px;\">zgodnie z ustaw\u0105 z dnia 4 kwietnia 2019 r. o dost\u0119pno\u015bci cyfrowej stron internetowych i aplikacji mobilnych podmiot\u00f3w publicznych.<\/span><\/p>\n<p>&nbsp;<\/p>\n<p><main class=\"container\" id=\"main_content\"><\/p>\n<p>&nbsp;<\/p>\n<div class=\"row\">\n<div class=\"col-sm-8 offset-sm-2 mt-5\">\n<section id=\"a11y-wstep\" class=\"shadow p-4\">\n<p>Deklaracja dost\u0119pno\u015bci dotyczy strony<span>\u00a0<\/span><a href=\"http:\/\/www.przedszkole74.szczecin.pl\/\" id=\"a11y-url\" target=\"_blank\" rel=\"noopener\">http:\/\/www.przedszkole74.szczecin.pl<\/a>.<\/p>\n<\/section>\n<section class=\"mt-4 shadow p-4\">\n<ul>\n<li>Data publikacji strony internetowej:<span>\u00a0<\/span><time id=\"a11y-data-publikacja\" datetime=\"2008-10-30\">30 pa\u017adziernika 2008 r.<\/time><\/li>\n<li>Data ostatniej istotnej aktualizacji:<span>\u00a0<\/span><time id=\"a11y-data-aktualizacja\" datetime=\"2020-06-23\">21 grudnia 2023 r.<\/time><\/li>\n<\/ul>\n<\/section>\n<section class=\"mt-4 shadow p-4\">\n<h2 class=\"h2 fw-bold\">Stan dost\u0119pno\u015bci cyfrowej<\/h2>\n<p id=\"a11y-status\">Ta strona internetowa jest cz\u0119\u015bciowo zgodna z za\u0142\u0105cznikiem do ustawy o dost\u0119pno\u015bci cyfrowej z dnia 4 kwietnia 2019 r. o dost\u0119pno\u015bci cyfrowej stron internetowych i aplikacji mobilnych podmiot\u00f3w publicznych z powodu [niezgodno\u015bci i wy\u0142\u0105cze\u0144] wymienionych poni\u017cej.<\/p>\n<\/section>\n<section class=\"mt-4 shadow p-4\">\n<h2 class=\"h2 fw-bold\">Niedost\u0119pne tre\u015bci<\/h2>\n<\/section>\n<section class=\"mt-4 shadow p-4\">\n<h2 class=\"h2 fw-bold\">Przygotowanie deklaracji dost\u0119pno\u015bci<\/h2>\n<ul>\n<li>Data sporz\u0105dzenia deklaracji:<span>\u00a0<\/span><time id=\"a11y-data-sporzadzenie\" datetime=\"2021-03-25\">25 marca 2021 r.<\/time><\/li>\n<li>Data ostatniego przegl\u0105du deklaracji:<span>\u00a0<\/span><time id=\"a11y-data-przeglad\" datetime=\"2026-03-17\">17 marca 2026 r.<\/time><\/li>\n<\/ul>\n<p>Deklaracj\u0119 sporz\u0105dzili\u015bmy na podstawie samooceny w oparciu o<span>\u00a0<\/span><a href=\"https:\/\/www.gov.pl\/attachment\/1a3e2bb5-6d60-4897-ac2f-07a8e91e70ed\">List\u0119 kontroln\u0105 do badania dost\u0119pno\u015bci cyfrowej strony internetowej v. 2.2 (docx, 0,12MB)<\/a>.<\/p>\n<\/section>\n<section class=\"mt-4 shadow p-4\">\n<h2 class=\"h2 fw-bold\">Informacje zwrotne i dane kontaktowe<\/h2>\n<p>Wszystkie problemy z dost\u0119pno\u015bci\u0105 cyfrow\u0105 tej strony internetowej mo\u017cesz zg\u0142osi\u0107 do<span>\u00a0<\/span><span id=\"a11y-kontakt\">Anna Gorczak<\/span><span>\u00a0<\/span>&#8211; mejlowo<span>\u00a0<\/span><a id=\"a11y-email\" href=\"mailto:pp74@miasto.szczecin.pl\">pp74@miasto.szczecin.pl<\/a><span>\u00a0<\/span>lub telefonicznie<span>\u00a0<\/span><a id=\"a11y-telefon\" href=\"tel:91-4530-197\">91-4530-197<\/a>.<\/p>\n<p>Ka\u017cdy ma prawo wyst\u0105pi\u0107 z \u017c\u0105daniem zapewnienia dost\u0119pno\u015bci cyfrowej tej strony internetowej lub jej element\u00f3w.<\/p>\n<p>Zg\u0142aszaj\u0105c takie \u017c\u0105danie podaj:<\/p>\n<ul>\n<li>swoje imi\u0119 i nazwisko,<\/li>\n<li>swoje dane kontaktowe (np. numer telefonu, e-mail),<\/li>\n<li>dok\u0142adny adres strony internetowej, na kt\u00f3rej jest niedost\u0119pny cyfrowo element lub tre\u015b\u0107,<\/li>\n<li>opis na czym polega problem i jaki spos\u00f3b jego rozwi\u0105zania by\u0142by dla Ciebie najwygodniejszy.<\/li>\n<\/ul>\n<p>Na Twoje zg\u0142oszenie odpowiemy najszybciej jak to mo\u017cliwe, nie p\u00f3\u017aniej ni\u017c w ci\u0105gu 7 dni od jego otrzymania.<\/p>\n<p>Je\u017celi ten termin b\u0119dzie dla nas zbyt kr\u00f3tki poinformujemy Ci\u0119 o tym. W tej informacji podamy nowy termin, do kt\u00f3rego poprawimy zg\u0142oszone przez Ciebie b\u0142\u0119dy lub przygotujemy informacje w alternatywny spos\u00f3b. Ten nowy termin nie b\u0119dzie d\u0142u\u017cszy ni\u017c 2 miesi\u0105ce.<\/p>\n<p>Je\u017celi nie b\u0119dziemy w stanie zapewni\u0107 dost\u0119pno\u015bci cyfrowej strony internetowej lub tre\u015bci, wskazanej w Twoim \u017c\u0105daniu, zaproponujemy Ci dost\u0119p do nich w alternatywny spos\u00f3b.<\/p>\n<\/section>\n<section id=\"a11y-procedura\" class=\"mt-4 shadow p-4\">\n<h2 class=\"h3 fw-bold\">Obs\u0142uga wniosk\u00f3w i skarg zwi\u0105zanych z dost\u0119pno\u015bci\u0105<\/h2>\n<p>Je\u017celi w odpowiedzi na Tw\u00f3j wniosek o zapewnienie dost\u0119pno\u015bci cyfrowej, odm\u00f3wimy zapewnienia \u017c\u0105danej przez Ciebie dost\u0119pno\u015bci cyfrowej, a Ty nie zgadzasz si\u0119 z t\u0105 odmow\u0105, masz prawo z\u0142o\u017cy\u0107 skarg\u0119.<\/p>\n<p>Skarg\u0119 masz prawo z\u0142o\u017cy\u0107 tak\u017ce, je\u015bli nie zgadzasz si\u0119 na skorzystanie z alternatywnego sposobu dost\u0119pu, kt\u00f3ry zaproponowali\u015bmy Ci w odpowiedzi na Tw\u00f3j wniosek o zapewnienie dost\u0119pno\u015bci cyfrowej.<\/p>\n<p>Ewentualn\u0105 skarg\u0119 z\u0142\u00f3\u017c listownie lub mailem do kierownictwa naszego urz\u0119du:<\/p>\n<ul>\n<li><span id=\"a11y-procedura-kierownik\">Mariola Augustowska &#8211; Dyrektor<\/span>,<\/li>\n<li>Adres:<span>\u00a0<\/span><span id=\"a11y-procedura-adres\">ul. 26 Kwietnia 3 , 71-126 Szczecin<\/span>,<\/li>\n<li>mejl:<span>\u00a0<\/span><a id=\"a11y-procedura-email\" href=\"mailto:pp74@miasto.szczecin.pl\">pp74@miasto.szczecin.pl<\/a>.<\/li>\n<\/ul>\n<p><a href=\"https:\/\/www.gov.pl\/web\/gov\/zloz-wniosek-o-zapewnienie-dostepnosci-cyfrowej-strony-internetowej-lub-aplikacji-mobilnej\">Pomocne mog\u0105 by\u0107 informacje, kt\u00f3re mo\u017cna znale\u017a\u0107 na rz\u0105dowym portalu gov.pl<\/a>.<\/p>\n<p>Mo\u017cesz tak\u017ce poinformowa\u0107 o tej sytuacji<span>\u00a0<\/span><a href=\"https:\/\/bip.brpo.gov.pl\/\">Rzecznika Praw Obywatelskich<\/a><span>\u00a0<\/span>i poprosi\u0107 o interwencj\u0119 w Twojej sprawie.<\/p>\n<\/section>\n<section class=\"mt-4\">\n<h2 class=\"h2 fw-bold\">Pozosta\u0142e informacje<\/h2>\n<section class=\"mt-4 shadow p-4\" id=\"a11y-architektura\">\n<h3 class=\"h3 fw-bold mb-3\">Dost\u0119pno\u015b\u0107 architektoniczna<\/h3>\n<section class=\"mt-4 shadow p-4\">\n<h4 class=\"h4 fw-bold\">Przedszkole Publiczne Nr 74<\/h4>\n<address class=\"mb-0\">\n<div>26 kwietnia 3<\/div>\n<div>71-126 Szczecin<\/div>\n<\/address>\n<section class=\"mt-4\">\n<h5 class=\"h5 fw-bold\">Parking<\/h5>\n<ul>\n<li>Nie mamy parkingu.<\/li>\n<\/ul>\n<\/section>\n<section class=\"mt-4\">\n<h5 class=\"h5 fw-bold\">Wej\u015bcie do budynku<\/h5>\n<ul>\n<li>Do wej\u015bcia doprowadzona jest sta\u0142a pochylnia o nachyleniu 30%.<\/li>\n<li>Drzwi musisz otworzy\u0107 r\u0119cznie.<\/li>\n<li>Otwieraj\u0105 si\u0119 na zewn\u0105trz.<\/li>\n<li>Otworzenie drzwi nie wymaga du\u017cej si\u0142y.<\/li>\n<li>Skorzystaj z dzwonka przy drzwiach.<\/li>\n<\/ul>\n<\/section>\n<section class=\"mt-4\">\n<h5 class=\"h5 fw-bold\">Ci\u0105gi poziome<\/h5>\n<ul>\n<li>Pomieszczenia znajduj\u0105 si\u0119 na 2 kondygnacjach.<\/li>\n<li>Cz\u0119\u015b\u0107 korytarzy nie jest dost\u0119pna dla os\u00f3b poruszaj\u0105cych si\u0119 na w\u00f3zkach.<\/li>\n<\/ul>\n<\/section>\n<section class=\"mt-4\">\n<h5 class=\"h5 fw-bold\">Ci\u0105gi pionowe<\/h5>\n<ul>\n<li>Na inne kondygnacje mo\u017cesz si\u0119 dosta\u0107 za pomoc\u0105 schod\u00f3w<\/li>\n<\/ul>\n<section class=\"mt-4\">\n<h6 class=\"h6 fw-bold\">Schody<\/h6>\n<ul>\n<li>Przy schodach znajduje si\u0119 por\u0119cz wzd\u0142u\u017c ca\u0142ego ci\u0105gu.<\/li>\n<\/ul>\n<\/section>\n<\/section>\n<section class=\"mt-4\">\n<h5 class=\"h5 fw-bold\">Pomieszczenia<\/h5>\n<ul>\n<li>Pomieszczenia nie s\u0105 dost\u0119pne dla os\u00f3b na w\u00f3zkach.<\/li>\n<\/ul>\n<\/section>\n<section class=\"mt-4\">\n<h5 class=\"h5 fw-bold\">\u0141azienka<\/h5>\n<ul>\n<li>Nie mamy dost\u0119pnej toalety.<\/li>\n<\/ul>\n<\/section>\n<\/section>\n<\/section>\n<section id=\"a11y-komunikacja\" class=\"mt-4 shadow p-4\">\n<h3 class=\"h3 fw-bold mb-3\">Dost\u0119pno\u015b\u0107 komunikacyjno-informacyjna<\/h3>\n<\/section>\n<\/section>\n<\/div>\n<\/div>\n<p>&nbsp;<\/p>\n<p>&nbsp;<\/p>\n<p>&nbsp;<\/p>\n<p><\/main><\/p>\n<p>&nbsp;<\/p>\n<p>&nbsp;<\/p>\n<p>&nbsp;<\/p>\n<div class=\"container-fluid mt-5\">\u00a0<\/div>\n<p>&nbsp;<\/p>\n<p>&nbsp;<\/p>\n<p>[\/et_pb_text][et_pb_text _builder_version=&#8221;4.13.0&#8243; _module_preset=&#8221;default&#8221; global_colors_info=&#8221;{}&#8221;]<\/p>\n<p><a href=\"https:\/\/przedszkole74.szczecin.pl\/wp-content\/uploads\/2022\/03\/Deklaracja-dostepnosci-strona-przedszkola.docx\" rel=\"attachment wp-att-1683\">Deklaracja dost\u0119pno\u015bci strona przedszkola<\/a><\/p>\n<p>[\/et_pb_text][et_pb_text _builder_version=&#8221;4.13.0&#8243; _module_preset=&#8221;default&#8221; global_colors_info=&#8221;{}&#8221;]<\/p>\n<p><a href=\"https:\/\/przedszkole74.szczecin.pl\/wp-content\/uploads\/2022\/03\/Deklaracja-dostepnosci-strona-przedszkola-1.docx\" rel=\"attachment wp-att-1686\">Deklaracja dost\u0119pno\u015bci strona przedszkola<\/a><\/p>\n<p>[\/et_pb_text][\/et_pb_column][\/et_pb_row][\/et_pb_section]<\/p>\n","protected":false},"excerpt":{"rendered":"<p>&nbsp; &nbsp; &nbsp; Przedszkole Publiczne\u00a0zobowi\u0105zuje si\u0119 zapewni\u0107 dost\u0119pno\u015b\u0107 swojej\u00a0strony internetowej\u00a0zgodnie z ustaw\u0105 z dnia 4 kwietnia 2019 r. o dost\u0119pno\u015bci cyfrowej stron internetowych i aplikacji mobilnych podmiot\u00f3w publicznych. &nbsp; &nbsp; Deklaracja dost\u0119pno\u015bci dotyczy strony\u00a0http:\/\/www.przedszkole74.szczecin.pl. Data publikacji strony internetowej:\u00a030 pa\u017adziernika 2008 r. Data ostatniej istotnej aktualizacji:\u00a021 grudnia 2023 r. Stan dost\u0119pno\u015bci cyfrowej Ta strona internetowa jest [&hellip;]<\/p>\n","protected":false},"author":1,"featured_media":0,"parent":0,"menu_order":0,"comment_status":"closed","ping_status":"closed","template":"","meta":{"_et_pb_use_builder":"on","_et_pb_old_content":"","_et_gb_content_width":""},"_links":{"self":[{"href":"https:\/\/przedszkole74.szczecin.pl\/index.php?rest_route=\/wp\/v2\/pages\/1480"}],"collection":[{"href":"https:\/\/przedszkole74.szczecin.pl\/index.php?rest_route=\/wp\/v2\/pages"}],"about":[{"href":"https:\/\/przedszkole74.szczecin.pl\/index.php?rest_route=\/wp\/v2\/types\/page"}],"author":[{"embeddable":true,"href":"https:\/\/przedszkole74.szczecin.pl\/index.php?rest_route=\/wp\/v2\/users\/1"}],"replies":[{"embeddable":true,"href":"https:\/\/przedszkole74.szczecin.pl\/index.php?rest_route=%2Fwp%2Fv2%2Fcomments&post=1480"}],"version-history":[{"count":10,"href":"https:\/\/przedszkole74.szczecin.pl\/index.php?rest_route=\/wp\/v2\/pages\/1480\/revisions"}],"predecessor-version":[{"id":2093,"href":"https:\/\/przedszkole74.szczecin.pl\/index.php?rest_route=\/wp\/v2\/pages\/1480\/revisions\/2093"}],"wp:attachment":[{"href":"https:\/\/przedszkole74.szczecin.pl\/index.php?rest_route=%2Fwp%2Fv2%2Fmedia&parent=1480"}],"curies":[{"name":"wp","href":"https:\/\/api.w.org\/{rel}","templated":true}]}}