{"id":112,"date":"2017-11-16T22:09:16","date_gmt":"2017-11-16T22:09:16","guid":{"rendered":"http:\/\/pp74.jurszewicz.eu.org\/?page_id=112"},"modified":"2022-04-27T06:04:26","modified_gmt":"2022-04-27T06:04:26","slug":"biblioteka","status":"publish","type":"page","link":"https:\/\/przedszkole74.szczecin.pl\/?page_id=112","title":{"rendered":"Biblioteka"},"content":{"rendered":"<p>[et_pb_section fb_built=&#8221;1&#8243; fullwidth=&#8221;on&#8221; _builder_version=&#8221;3.22&#8243; global_colors_info=&#8221;{}&#8221;][et_pb_fullwidth_image src=&#8221;\/wp-content\/uploads\/2018\/11\/logo1920x300.jpg&#8221; _builder_version=&#8221;3.6&#8243; animation_style=&#8221;slide&#8221; animation_direction=&#8221;left&#8221; animation_duration=&#8221;500ms&#8221; animation_intensity_slide=&#8221;10%&#8221; use_border_color=&#8221;off&#8221; global_colors_info=&#8221;{}&#8221;]&nbsp;<br \/>\n[\/et_pb_fullwidth_image][\/et_pb_section][et_pb_section fb_built=&#8221;1&#8243; admin_label=&#8221;section&#8221; _builder_version=&#8221;3.22&#8243; global_colors_info=&#8221;{}&#8221;][et_pb_row admin_label=&#8221;row&#8221; _builder_version=&#8221;3.25&#8243; background_size=&#8221;initial&#8221; background_position=&#8221;top_left&#8221; background_repeat=&#8221;repeat&#8221; global_colors_info=&#8221;{}&#8221;][et_pb_column type=&#8221;4_4&#8243; _builder_version=&#8221;3.25&#8243; custom_padding=&#8221;|||&#8221; global_colors_info=&#8221;{}&#8221; custom_padding__hover=&#8221;|||&#8221;][et_pb_text _builder_version=&#8221;3.27.4&#8243; background_size=&#8221;initial&#8221; background_position=&#8221;top_left&#8221; background_repeat=&#8221;repeat&#8221; use_border_color=&#8221;off&#8221; global_colors_info=&#8221;{}&#8221;]<\/p>\n<h2>Biblioteka &#8222;Sowy M\u0105drej G\u0142owy&#8221;<\/h2>\n<p>Zaprasza ma\u0142ych czytelnik\u00f3w wraz z rodzicami w ka\u017cdy czwartek w godzinach<\/p>\n<h4>14:00 &#8211; 16:00<\/h4>\n<p>Zasady:<\/p>\n<ol>\n<li>Podczas jednej wizyty w bibliotece mo\u017cna wypo\u017cyczy\u0107 4 ksi\u0105\u017cki<\/li>\n<li>Zwrot ksi\u0105\u017cek powinien nast\u0105pi\u0107 w ci\u0105gu 2 tygodni<\/li>\n<li>Istnieje mo\u017cliwo\u015b\u0107 oddania ksi\u0105\u017cek codziennie u nauczycielek prowadz\u0105cych bibliotek\u0119, nale\u017cy w\u00f3wczas zostawi\u0107 karteczk\u0119 z imieniem i nazwiskiem dziecka.<\/li>\n<li>Za ka\u017cd\u0105 oddan\u0105 po terminie pozycj\u0119 pobierana b\u0119dzie op\u0142ata w wysoko\u015bci 1z\u0142, plus 1z\u0142 za ka\u017cdy nast\u0119pny tydzie\u0144 zw\u0142oki.<\/li>\n<\/ol>\n<p>[\/et_pb_text][et_pb_image src=&#8221;\/wp-content\/uploads\/2018\/02\/biblioteka.jpg&#8221; align_tablet=&#8221;center&#8221; align_last_edited=&#8221;on|desktop&#8221; _builder_version=&#8221;3.23&#8243; global_colors_info=&#8221;{}&#8221; align_phone=&#8221;center&#8221;][\/et_pb_image][\/et_pb_column][\/et_pb_row][\/et_pb_section]<\/p>\n","protected":false},"excerpt":{"rendered":"<p>&nbsp; Biblioteka &#8222;Sowy M\u0105drej G\u0142owy&#8221; Zaprasza ma\u0142ych czytelnik\u00f3w wraz z rodzicami w ka\u017cdy czwartek w godzinach 14:00 &#8211; 16:00 Zasady: Podczas jednej wizyty w bibliotece mo\u017cna wypo\u017cyczy\u0107 4 ksi\u0105\u017cki Zwrot ksi\u0105\u017cek powinien nast\u0105pi\u0107 w ci\u0105gu 2 tygodni Istnieje mo\u017cliwo\u015b\u0107 oddania ksi\u0105\u017cek codziennie u nauczycielek prowadz\u0105cych bibliotek\u0119, nale\u017cy w\u00f3wczas zostawi\u0107 karteczk\u0119 z imieniem i nazwiskiem dziecka. [&hellip;]<\/p>\n","protected":false},"author":1,"featured_media":0,"parent":108,"menu_order":0,"comment_status":"closed","ping_status":"closed","template":"","meta":{"_et_pb_use_builder":"on","_et_pb_old_content":"","_et_gb_content_width":""},"_links":{"self":[{"href":"https:\/\/przedszkole74.szczecin.pl\/index.php?rest_route=\/wp\/v2\/pages\/112"}],"collection":[{"href":"https:\/\/przedszkole74.szczecin.pl\/index.php?rest_route=\/wp\/v2\/pages"}],"about":[{"href":"https:\/\/przedszkole74.szczecin.pl\/index.php?rest_route=\/wp\/v2\/types\/page"}],"author":[{"embeddable":true,"href":"https:\/\/przedszkole74.szczecin.pl\/index.php?rest_route=\/wp\/v2\/users\/1"}],"replies":[{"embeddable":true,"href":"https:\/\/przedszkole74.szczecin.pl\/index.php?rest_route=%2Fwp%2Fv2%2Fcomments&post=112"}],"version-history":[{"count":8,"href":"https:\/\/przedszkole74.szczecin.pl\/index.php?rest_route=\/wp\/v2\/pages\/112\/revisions"}],"predecessor-version":[{"id":1690,"href":"https:\/\/przedszkole74.szczecin.pl\/index.php?rest_route=\/wp\/v2\/pages\/112\/revisions\/1690"}],"up":[{"embeddable":true,"href":"https:\/\/przedszkole74.szczecin.pl\/index.php?rest_route=\/wp\/v2\/pages\/108"}],"wp:attachment":[{"href":"https:\/\/przedszkole74.szczecin.pl\/index.php?rest_route=%2Fwp%2Fv2%2Fmedia&parent=112"}],"curies":[{"name":"wp","href":"https:\/\/api.w.org\/{rel}","templated":true}]}}